{"id":1086,"date":"2025-04-15T09:54:38","date_gmt":"2025-04-15T02:54:38","guid":{"rendered":"https:\/\/lidanest.vn\/?post_type=product&#038;p=1086"},"modified":"2025-04-15T10:40:44","modified_gmt":"2025-04-15T03:40:44","slug":"hong-rut-long-nguyen-to-100gr","status":"publish","type":"product","link":"https:\/\/lidanest.vn\/en\/san-pham\/hong-rut-long-nguyen-to-100gr","title":{"rendered":"H\u1ed3ng r\u00fat l\u00f4ng nguy\u00ean t\u1ed5 &#8211; 100gr"},"content":{"rendered":"","protected":false},"excerpt":{"rendered":"","protected":false},"featured_media":0,"comment_status":"open","ping_status":"closed","template":"","meta":[],"_links":{"self":[{"href":"https:\/\/lidanest.vn\/en\/wp-json\/wp\/v2\/product\/1086"}],"collection":[{"href":"https:\/\/lidanest.vn\/en\/wp-json\/wp\/v2\/product"}],"about":[{"href":"https:\/\/lidanest.vn\/en\/wp-json\/wp\/v2\/types\/product"}],"replies":[{"embeddable":true,"href":"https:\/\/lidanest.vn\/en\/wp-json\/wp\/v2\/comments?post=1086"}],"wp:attachment":[{"href":"https:\/\/lidanest.vn\/en\/wp-json\/wp\/v2\/media?parent=1086"}],"curies":[{"name":"wp","href":"https:\/\/api.w.org\/{rel}","templated":true}]}}