{"id":968,"date":"2025-02-28T21:29:26","date_gmt":"2025-02-28T14:29:26","guid":{"rendered":"https:\/\/lidanest.vn\/san-pham\/hop-6-hu-to-yen-chung-dong-trung-ha-thao"},"modified":"2025-04-15T09:33:39","modified_gmt":"2025-04-15T02:33:39","slug":"hop-6-hu-to-yen-chung-dong-trung-ha-thao","status":"publish","type":"product","link":"https:\/\/lidanest.vn\/en\/san-pham\/hop-6-hu-to-yen-chung-dong-trung-ha-thao","title":{"rendered":"H\u1ed9p 6 H\u0169 T\u1ed5 Y\u1ebfn CH\u01b0ng \u0110\u00f4ng Tr\u00f9ng H\u1ea1 Th\u1ea3o"},"content":{"rendered":"<p>N\u1ed9i dung ch\u00ednh c\u1ee7a s\u1ea3n ph\u1ea9m<\/p>\n","protected":false},"excerpt":{"rendered":"<p>H\u1ed9p 6 H\u0169 T\u1ed5 Y\u1ebfn CH\u01b0ng \u0110\u00f4ng Tr\u00f9ng H\u1ea1 Th\u1ea3o<\/p>\n<p>T\u00e1c d\u1ee5ng c\u1ee7a s\u1ea3n ph\u1ea9m:<\/p>\n<ul class=\"i8Z77e\">\n<li class=\"TrT0Xe\">C\u1ea3i thi\u1ec7n s\u1ee9c kh\u1ecfe tim m\u1ea1ch.<\/li>\n<li class=\"TrT0Xe\">C\u1ea3i thi\u1ec7n th\u1ecb l\u1ef1c.<\/li>\n<li class=\"TrT0Xe\">T\u0103ng c\u01b0\u1eddng h\u1ec7 mi\u1ec5n d\u1ecbch.<\/li>\n<li class=\"TrT0Xe\">T\u0103ng c\u01b0\u1eddng s\u1ee9c kh\u1ecfe x\u01b0\u01a1ng kh\u1edbp.<\/li>\n<li class=\"TrT0Xe\">H\u1ed7 tr\u1ee3 ph\u1ee5c h\u1ed3i s\u1ee9c kh\u1ecfe.<\/li>\n<li class=\"TrT0Xe\">H\u1ed7 tr\u1ee3 gi\u1ea3m c\u00e2n.<\/li>\n<\/ul>\n<p>*S\u1ea3n ph\u1ea9m n\u00e0y kh\u00f4ng ph\u1ea3i l\u00e0 thu\u1ed1c v\u00e0 kh\u00f4ng c\u00f3 t\u00e1c d\u1ee5ng thay th\u1ebf thu\u1ed1c ch\u1eefa b\u1ec7nh<\/p>\n","protected":false},"featured_media":0,"comment_status":"open","ping_status":"closed","template":"","meta":[],"_links":{"self":[{"href":"https:\/\/lidanest.vn\/en\/wp-json\/wp\/v2\/product\/968"}],"collection":[{"href":"https:\/\/lidanest.vn\/en\/wp-json\/wp\/v2\/product"}],"about":[{"href":"https:\/\/lidanest.vn\/en\/wp-json\/wp\/v2\/types\/product"}],"replies":[{"embeddable":true,"href":"https:\/\/lidanest.vn\/en\/wp-json\/wp\/v2\/comments?post=968"}],"wp:attachment":[{"href":"https:\/\/lidanest.vn\/en\/wp-json\/wp\/v2\/media?parent=968"}],"curies":[{"name":"wp","href":"https:\/\/api.w.org\/{rel}","templated":true}]}}